{"id":2890,"date":"2026-02-12T10:51:20","date_gmt":"2026-02-12T09:51:20","guid":{"rendered":"https:\/\/lesfranciscaines.cloud\/?page_id=2890"},"modified":"2026-02-13T10:06:16","modified_gmt":"2026-02-13T09:06:16","slug":"2026-invitation-5-ans-diner-mecenes","status":"publish","type":"page","link":"https:\/\/lesfranciscaines.cloud\/index.php\/2026-invitation-5-ans-diner-mecenes\/","title":{"rendered":"2026 Invitation 5 ans diner m\u00e9c\u00e8nes"},"content":{"rendered":"\t\t<div data-elementor-type=\"wp-page\" data-elementor-id=\"2890\" class=\"elementor elementor-2890\">\n\t\t\t\t<div class=\"elementor-element elementor-element-e94b565 e-flex e-con-boxed e-con e-parent\" data-id=\"e94b565\" data-element_type=\"container\" data-settings=\"{&quot;background_background&quot;:&quot;classic&quot;}\">\n\t\t\t\t\t<div class=\"e-con-inner\">\n\t\t<div class=\"elementor-element elementor-element-11d60d1 e-con-full e-flex e-con e-child\" data-id=\"11d60d1\" data-element_type=\"container\" data-settings=\"{&quot;background_background&quot;:&quot;classic&quot;}\">\n\t\t\t\t<div class=\"elementor-element elementor-element-876db04 exad-sticky-section-no exad-glass-effect-no elementor-widget elementor-widget-image\" data-id=\"876db04\" data-element_type=\"widget\" data-widget_type=\"image.default\">\n\t\t\t\t<div class=\"elementor-widget-container\">\n\t\t\t\t\t\t\t\t\t\t\t\t\t\t\t<img fetchpriority=\"high\" decoding=\"async\" width=\"1004\" height=\"1826\" src=\"https:\/\/lesfranciscaines.cloud\/wp-content\/uploads\/2026\/02\/Save-the-date_V6_valide2_header.jpg\" class=\"attachment-full size-full wp-image-2935\" alt=\"\" srcset=\"https:\/\/lesfranciscaines.cloud\/wp-content\/uploads\/2026\/02\/Save-the-date_V6_valide2_header.jpg 1004w, https:\/\/lesfranciscaines.cloud\/wp-content\/uploads\/2026\/02\/Save-the-date_V6_valide2_header-165x300.jpg 165w, https:\/\/lesfranciscaines.cloud\/wp-content\/uploads\/2026\/02\/Save-the-date_V6_valide2_header-563x1024.jpg 563w, https:\/\/lesfranciscaines.cloud\/wp-content\/uploads\/2026\/02\/Save-the-date_V6_valide2_header-768x1397.jpg 768w, https:\/\/lesfranciscaines.cloud\/wp-content\/uploads\/2026\/02\/Save-the-date_V6_valide2_header-845x1536.jpg 845w\" sizes=\"(max-width: 1004px) 100vw, 1004px\" \/>\t\t\t\t\t\t\t\t\t\t\t\t\t\t\t<\/div>\n\t\t\t\t<\/div>\n\t\t\t\t<div class=\"elementor-element elementor-element-289ca03 elementor-widget-mobile__width-inherit elementor-hidden-mobile exad-sticky-section-no exad-glass-effect-no elementor-widget elementor-widget-text-editor\" data-id=\"289ca03\" data-element_type=\"widget\" data-widget_type=\"text-editor.default\">\n\t\t\t\t<div class=\"elementor-widget-container\">\n\t\t\t\t\t\t\t\t\t<h3 style=\"text-align: left;\"><span style=\"color: #000000;\">Merci de confirmer votre pr\u00e9sence<br \/>en remplissant le formulaire<\/span><\/h3>\t\t\t\t\t\t\t\t<\/div>\n\t\t\t\t<\/div>\n\t\t\t\t<div class=\"elementor-element elementor-element-b5d50f6 exad-sticky-section-no exad-glass-effect-no elementor-widget elementor-widget-shortcode\" data-id=\"b5d50f6\" data-element_type=\"widget\" data-widget_type=\"shortcode.default\">\n\t\t\t\t<div class=\"elementor-widget-container\">\n\t\t\t\t\t\t\t<div class=\"elementor-shortcode\"><div class=\"forminator-ui forminator-custom-form forminator-custom-form-2906 forminator-design--material  forminator_ajax\" data-forminator-render=\"0\" data-form=\"forminator-module-2906\" data-uid=\"69e1135f767d7\"><br\/><\/div><form\n\t\t\t\tid=\"forminator-module-2906\"\n\t\t\t\tclass=\"forminator-ui forminator-custom-form forminator-custom-form-2906 forminator-design--material  forminator_ajax\"\n\t\t\t\tmethod=\"post\"\n\t\t\t\tdata-forminator-render=\"0\"\n\t\t\t\tdata-form-id=\"2906\"\n\t\t\t\t\n\t\t\t\tdata-design=\"material\"\n\t\t\t\t\n\t\t\t\t\n\t\t\t\t\n\t\t\t\tdata-grid=\"open\"\n\t\t\t\t\n\t\t\t\t\n\t\t\t\tstyle=\"display: none;\"\n\t\t\t\t\n\t\t\t\tdata-uid=\"69e1135f767d7\"\n\t\t\t><div role=\"alert\" aria-live=\"polite\" class=\"forminator-response-message forminator-error\" aria-hidden=\"true\"><\/div><div class=\"forminator-row\"><div id=\"radio-1\" class=\"forminator-field-radio forminator-col forminator-col-12 \"><div role=\"radiogroup\" class=\"forminator-field\" aria-labelledby=\"forminator-radiogroup-radio-1-69e1135f767d7-label\"><span id=\"forminator-radiogroup-radio-1-69e1135f767d7-label\" class=\"forminator-label\">Serez-vous pr\u00e9sent(e) \u00e0 la soir\u00e9e anniversaire ? <span class=\"forminator-required\">*<\/span><\/span><label id=\"forminator-field-radio-1-label-1\" for=\"forminator-field-radio-1-1-69e1135f767d7\" class=\"forminator-radio\" title=\"Oui\"><input type=\"radio\" name=\"radio-1\" value=\"one\" id=\"forminator-field-radio-1-1-69e1135f767d7\" aria-labelledby=\"forminator-field-radio-1-label-1\" data-calculation=\"0\"   data-hidden-behavior=\"zero\"\/><span class=\"forminator-radio-bullet\" aria-hidden=\"true\"><\/span><span class=\"forminator-radio-label\">Oui<\/span><\/label><label id=\"forminator-field-radio-1-label-2\" for=\"forminator-field-radio-1-2-69e1135f767d7\" class=\"forminator-radio\" title=\"Non\"><input type=\"radio\" name=\"radio-1\" value=\"two\" id=\"forminator-field-radio-1-2-69e1135f767d7\" aria-labelledby=\"forminator-field-radio-1-label-2\" data-calculation=\"0\"   data-hidden-behavior=\"zero\"\/><span class=\"forminator-radio-bullet\" aria-hidden=\"true\"><\/span><span class=\"forminator-radio-label\">Non<\/span><\/label><\/div><\/div><\/div><div class=\"forminator-row\"><div id=\"name-1\" class=\"forminator-field-name forminator-col forminator-col-12 \"><div class=\"forminator-field\"><label for=\"forminator-field-name-1_69e1135f767d7\" id=\"forminator-field-name-1_69e1135f767d7-label\" class=\"forminator-label\">Nom <span class=\"forminator-required\">*<\/span><\/label><input type=\"text\" name=\"name-1\" value=\"\" placeholder=\"\" id=\"forminator-field-name-1_69e1135f767d7\" class=\"forminator-input forminator-name--field\" aria-required=\"true\" \/><\/div><\/div><\/div><div class=\"forminator-row\"><div id=\"name-4\" class=\"forminator-field-name forminator-col forminator-col-12 \"><div class=\"forminator-field\"><label for=\"forminator-field-name-4_69e1135f767d7\" id=\"forminator-field-name-4_69e1135f767d7-label\" class=\"forminator-label\">Pr\u00e9nom <span class=\"forminator-required\">*<\/span><\/label><input type=\"text\" name=\"name-4\" value=\"\" placeholder=\"\" id=\"forminator-field-name-4_69e1135f767d7\" class=\"forminator-input forminator-name--field\" aria-required=\"true\" \/><\/div><\/div><\/div><div class=\"forminator-row\"><div id=\"text-1\" class=\"forminator-field-text forminator-col forminator-col-12 \"><div class=\"forminator-field\"><label for=\"forminator-field-text-1_69e1135f767d7\" id=\"forminator-field-text-1_69e1135f767d7-label\" class=\"forminator-label\">Fonction <span class=\"forminator-required\">*<\/span><\/label><input type=\"text\" name=\"text-1\" value=\"\" placeholder=\"\" id=\"forminator-field-text-1_69e1135f767d7\" class=\"forminator-input forminator-name--field\" data-required=\"1\" \/><\/div><\/div><\/div><div class=\"forminator-row\"><div id=\"email-1\" class=\"forminator-field-email forminator-col forminator-col-12 \"><div class=\"forminator-field\"><label for=\"forminator-field-email-1_69e1135f767d7\" id=\"forminator-field-email-1_69e1135f767d7-label\" class=\"forminator-label\">Adresse de messagerie <span class=\"forminator-required\">*<\/span><\/label><input type=\"email\" name=\"email-1\" value=\"\" placeholder=\"Par exemple\u00a0: jean@durand.com\" id=\"forminator-field-email-1_69e1135f767d7\" class=\"forminator-input forminator-email--field\" data-required=\"1\" aria-required=\"true\" \/><\/div><\/div><\/div><div class=\"forminator-row\"><div id=\"select-1\" class=\"forminator-field-select forminator-col forminator-col-12 \"><div class=\"forminator-field\"><label for=\"forminator-form-2906__field--select-1_69e1135f767d7\" id=\"forminator-form-2906__field--select-1_69e1135f767d7-label\" class=\"forminator-label\">Choisissez <span class=\"forminator-required\">*<\/span><\/label><select  id=\"forminator-form-2906__field--select-1_69e1135f767d7\" class=\"forminator-select--field forminator-select2 forminator-select2-multiple\" data-required=\"1\" name=\"select-1\" data-default-value=\"\" data-hidden-behavior=\"zero\" data-placeholder=\"Serez-vous accompagn\u00e9(e) ?\" data-search=\"false\" data-search-placeholder=\"Serez-vous accompagn\u00e9(e) ?\" data-checkbox=\"false\" data-allow-clear=\"false\" aria-labelledby=\"forminator-form-2906__field--select-1_69e1135f767d7-label\"><option value=\"\"  >Serez-vous accompagn\u00e9(e) ?<\/option><option value=\"Non\"  data-calculation=\"0\">Non<\/option><option value=\"one\"  data-calculation=\"0\">Oui (1 personne suppl\u00e9mentaire)<\/option><\/select><\/div><\/div><\/div><input type=\"hidden\" name=\"referer_url\" value=\"\" \/><div class=\"forminator-row forminator-row-last\"><div class=\"forminator-col\"><div class=\"forminator-field\"><button class=\"forminator-button forminator-button-submit padding\"><span>Envoyer<\/span><span aria-hidden=\"true\"><\/span><\/button><\/div><\/div><\/div><input type=\"hidden\" id=\"forminator_nonce\" name=\"forminator_nonce\" value=\"57772b071d\" \/><input type=\"hidden\" name=\"_wp_http_referer\" value=\"\/index.php\/wp-json\/wp\/v2\/pages\/2890\" \/><input type=\"hidden\" name=\"form_id\" value=\"2906\"><input type=\"hidden\" name=\"page_id\" value=\"2890\"><input type=\"hidden\" name=\"form_type\" value=\"default\"><input type=\"hidden\" name=\"current_url\" value=\"https:\/\/lesfranciscaines.cloud\/index.php\/2026-invitation-5-ans-diner-mecenes\/\"><input type=\"hidden\" name=\"render_id\" value=\"0\"><input type=\"hidden\" name=\"action\" value=\"forminator_submit_form_custom-forms\"><\/form><\/div>\n\t\t\t\t\t\t<\/div>\n\t\t\t\t<\/div>\n\t\t\t\t<div class=\"elementor-element elementor-element-b2c8b60 exad-sticky-section-no exad-glass-effect-no elementor-widget elementor-widget-image\" data-id=\"b2c8b60\" data-element_type=\"widget\" data-widget_type=\"image.default\">\n\t\t\t\t<div class=\"elementor-widget-container\">\n\t\t\t\t\t\t\t\t\t\t\t\t\t\t\t<img decoding=\"async\" width=\"1004\" height=\"177\" src=\"https:\/\/lesfranciscaines.cloud\/wp-content\/uploads\/2026\/02\/Save-the-date_V4_final_footer_WP.jpg\" class=\"attachment-full size-full wp-image-2928\" alt=\"\" srcset=\"https:\/\/lesfranciscaines.cloud\/wp-content\/uploads\/2026\/02\/Save-the-date_V4_final_footer_WP.jpg 1004w, https:\/\/lesfranciscaines.cloud\/wp-content\/uploads\/2026\/02\/Save-the-date_V4_final_footer_WP-300x53.jpg 300w, https:\/\/lesfranciscaines.cloud\/wp-content\/uploads\/2026\/02\/Save-the-date_V4_final_footer_WP-768x135.jpg 768w\" sizes=\"(max-width: 1004px) 100vw, 1004px\" \/>\t\t\t\t\t\t\t\t\t\t\t\t\t\t\t<\/div>\n\t\t\t\t<\/div>\n\t\t\t\t<\/div>\n\t\t\t\t\t<\/div>\n\t\t\t\t<\/div>\n\t\t\t\t<\/div>\n\t\t","protected":false},"excerpt":{"rendered":"<p>Merci de confirmer votre pr\u00e9senceen remplissant le formulaire<\/p>\n","protected":false},"author":1,"featured_media":0,"parent":0,"menu_order":0,"comment_status":"closed","ping_status":"closed","template":"","meta":{"footnotes":""},"class_list":["post-2890","page","type-page","status-publish","hentry"],"jetpack_sharing_enabled":true,"_links":{"self":[{"href":"https:\/\/lesfranciscaines.cloud\/index.php\/wp-json\/wp\/v2\/pages\/2890","targetHints":{"allow":["GET"]}}],"collection":[{"href":"https:\/\/lesfranciscaines.cloud\/index.php\/wp-json\/wp\/v2\/pages"}],"about":[{"href":"https:\/\/lesfranciscaines.cloud\/index.php\/wp-json\/wp\/v2\/types\/page"}],"author":[{"embeddable":true,"href":"https:\/\/lesfranciscaines.cloud\/index.php\/wp-json\/wp\/v2\/users\/1"}],"replies":[{"embeddable":true,"href":"https:\/\/lesfranciscaines.cloud\/index.php\/wp-json\/wp\/v2\/comments?post=2890"}],"version-history":[{"count":42,"href":"https:\/\/lesfranciscaines.cloud\/index.php\/wp-json\/wp\/v2\/pages\/2890\/revisions"}],"predecessor-version":[{"id":2947,"href":"https:\/\/lesfranciscaines.cloud\/index.php\/wp-json\/wp\/v2\/pages\/2890\/revisions\/2947"}],"wp:attachment":[{"href":"https:\/\/lesfranciscaines.cloud\/index.php\/wp-json\/wp\/v2\/media?parent=2890"}],"curies":[{"name":"wp","href":"https:\/\/api.w.org\/{rel}","templated":true}]}}